{"id":18,"date":"2025-04-17T18:25:31","date_gmt":"2025-04-17T18:25:31","guid":{"rendered":"https:\/\/juasant2.webs.upv.es\/?page_id=18"},"modified":"2025-12-04T12:33:44","modified_gmt":"2025-12-04T12:33:44","slug":"inicio","status":"publish","type":"page","link":"https:\/\/juasant2.webs.upv.es\/","title":{"rendered":"Inicio"},"content":{"rendered":"\n<div class=\"wp-block-cover alignfull\" style=\"min-height:800px;aspect-ratio:unset;\"><img decoding=\"async\" class=\"wp-block-cover__image-background\" alt=\"\" src=\"https:\/\/juasant2.webs.upv.es\/wp-content\/themes\/neve\/assets\/img\/starter-content\/neve-hero-2.png\" style=\"object-position:50% 72%\" data-object-fit=\"cover\" data-object-position=\"50% 72%\"\/><span aria-hidden=\"true\" class=\"wp-block-cover__background has-background-dim-0 has-background-dim\"><\/span><div class=\"wp-block-cover__inner-container is-layout-flow wp-block-cover-is-layout-flow\">\n<div class=\"wp-block-columns are-vertically-aligned-center is-layout-flex wp-container-core-columns-is-layout-9d6595d7 wp-block-columns-is-layout-flex\">\n<div class=\"wp-block-column is-vertically-aligned-center is-layout-flow wp-block-column-is-layout-flow\" style=\"padding-right:var(--wp--preset--spacing--20);padding-left:var(--wp--preset--spacing--20);flex-basis:65%\">\n<div style=\"height:80px\" aria-hidden=\"true\" class=\"wp-block-spacer\"><\/div>\n\n\n\n<h1 class=\"wp-block-heading has-text-align-left has-nv-text-dark-bg-color has-text-color\">Perfil acad\u00e9mico y Profesional<\/h1>\n\n\n\n<p class=\"has-text-align-left has-nv-text-dark-bg-color has-text-color\" style=\"font-size:17px\">Bienvenido a mi p\u00e1gina web personal, donde de vez en cuando ir\u00e9 actualizando todo lo relativo a mis trabajos y noticias relacionadas conmigo.<\/p>\n\n\n\n<div class=\"wp-block-buttons is-horizontal is-content-justification-left is-layout-flex wp-container-core-buttons-is-layout-7e5fce0a wp-block-buttons-is-layout-flex\">\n<div class=\"wp-block-button is-style-default\"><a class=\"wp-block-button__link has-text-color has-background has-link-color wp-element-button\" href=\"https:\/\/orcid.org\/0000-0001-9047-3992\" style=\"color:#0a2279;background-color:#ffffff\">Orcid<\/a><\/div>\n\n\n\n<div class=\"wp-block-button is-style-default\"><a class=\"wp-block-button__link has-text-color has-background has-link-color wp-element-button\" href=\"https:\/\/scholar.google.es\/citations?user=o-s_GiYAAAAJ&amp;hl=es&amp;oi=ao\" style=\"color:#0a2279;background-color:#ffffff\">Google Scholar<\/a><\/div>\n\n\n\n<div class=\"wp-block-button is-style-secondary\"><a class=\"wp-block-button__link has-nv-text-dark-bg-color has-text-color has-link-color wp-element-button\" href=\"juasant2@upv.es\">Cont\u00e1ctame e-mail<\/a><\/div>\n<\/div>\n\n\n\n<div style=\"height:100px\" aria-hidden=\"true\" class=\"wp-block-spacer\"><\/div>\n<\/div>\n\n\n\n<div class=\"wp-block-column is-vertically-aligned-center is-layout-flow wp-block-column-is-layout-flow\">\n<figure class=\"wp-block-image size-full has-custom-border wp-duotone-unset-1\"><img fetchpriority=\"high\" decoding=\"async\" width=\"1056\" height=\"1234\" src=\"https:\/\/juasant2.webs.upv.es\/wp-content\/uploads\/2025\/04\/Foto-mia.png\" alt=\"\" class=\"wp-image-47\" style=\"border-style:none;border-width:0px;border-radius:100px\" srcset=\"https:\/\/juasant2.webs.upv.es\/wp-content\/uploads\/2025\/04\/Foto-mia.png 1056w, https:\/\/juasant2.webs.upv.es\/wp-content\/uploads\/2025\/04\/Foto-mia-257x300.png 257w, https:\/\/juasant2.webs.upv.es\/wp-content\/uploads\/2025\/04\/Foto-mia-876x1024.png 876w, https:\/\/juasant2.webs.upv.es\/wp-content\/uploads\/2025\/04\/Foto-mia-768x897.png 768w\" sizes=\"(max-width: 1056px) 100vw, 1056px\" \/><\/figure>\n<\/div>\n<\/div>\n<\/div><\/div>\n\n\n\n<div style=\"height:40px\" aria-hidden=\"true\" class=\"wp-block-spacer\"><\/div>\n\n\n\n<div class=\"wp-block-columns is-layout-flex wp-container-core-columns-is-layout-9d6595d7 wp-block-columns-is-layout-flex\">\n<div class=\"wp-block-column neve-duotone is-layout-flow wp-block-column-is-layout-flow\" style=\"padding-right:var(--wp--preset--spacing--30);padding-left:var(--wp--preset--spacing--30)\"><div class=\"wp-block-image icon-style is-style-default wp-duotone-unset-2\">\n<figure class=\"aligncenter size-full has-custom-border\"><a href=\"https:\/\/juasant2.webs.upv.es\/index.php\/acerca-de\/\"><img decoding=\"async\" src=\"https:\/\/juasant2.webs.upv.es\/wp-content\/themes\/neve\/assets\/img\/starter-content\/neve-marketing-icon-1.png\" alt=\"\" style=\"border-radius:0px\" title=\"\"\/><\/a><\/figure>\n<\/div>\n\n\n<div style=\"height:16px\" aria-hidden=\"true\" class=\"wp-block-spacer\"><\/div>\n\n\n\n<h3 class=\"wp-block-heading has-text-align-center has-neve-text-color-color has-text-color\">Docencia<\/h3>\n\n\n\n<p class=\"has-text-align-center\">Material Docente<\/p>\n\n\n\n<div style=\"height:20px\" aria-hidden=\"true\" class=\"wp-block-spacer\"><\/div>\n<\/div>\n\n\n\n<div class=\"wp-block-column is-layout-flow wp-block-column-is-layout-flow\" style=\"padding-right:var(--wp--preset--spacing--30);padding-left:var(--wp--preset--spacing--30)\"><div class=\"wp-block-image icon-style is-style-default wp-duotone-purple-yellow\">\n<figure class=\"aligncenter size-thumbnail is-resized has-custom-border\"><a href=\"https:\/\/juasant2.webs.upv.es\/index.php\/investigacion\/\"><img decoding=\"async\" width=\"150\" height=\"150\" src=\"https:\/\/juasant2.webs.upv.es\/wp-content\/uploads\/2025\/04\/research_13603-150x150.png\" alt=\"\" class=\"wp-image-48\" style=\"border-style:none;border-width:0px;border-radius:49px;width:72px;height:auto\" title=\"\" srcset=\"https:\/\/juasant2.webs.upv.es\/wp-content\/uploads\/2025\/04\/research_13603-150x150.png 150w, https:\/\/juasant2.webs.upv.es\/wp-content\/uploads\/2025\/04\/research_13603-300x300.png 300w, https:\/\/juasant2.webs.upv.es\/wp-content\/uploads\/2025\/04\/research_13603.png 512w\" sizes=\"(max-width: 150px) 100vw, 150px\" \/><\/a><\/figure>\n<\/div>\n\n\n<div style=\"height:16px\" aria-hidden=\"true\" class=\"wp-block-spacer\"><\/div>\n\n\n\n<h3 class=\"wp-block-heading has-text-align-center has-neve-text-color-color has-text-color\">Investigaci\u00f3n<\/h3>\n\n\n\n<p class=\"has-text-align-center\">Art\u00edculos y Libros<\/p>\n\n\n\n<div style=\"height:20px\" aria-hidden=\"true\" class=\"wp-block-spacer\"><\/div>\n<\/div>\n\n\n\n<div class=\"wp-block-column is-layout-flow wp-block-column-is-layout-flow\" style=\"padding-right:var(--wp--preset--spacing--30);padding-left:var(--wp--preset--spacing--30)\"><div class=\"wp-block-image icon-style is-style-default wp-duotone-unset-3\">\n<figure class=\"aligncenter size-full has-custom-border\"><a href=\"https:\/\/juasant2.webs.upv.es\/index.php\/noticias\"><img decoding=\"async\" src=\"https:\/\/juasant2.webs.upv.es\/wp-content\/themes\/neve\/assets\/img\/starter-content\/neve-marketing-icon-3.1.png\" alt=\"\" style=\"border-radius:0px\" title=\"\"\/><\/a><\/figure>\n<\/div>\n\n\n<div style=\"height:16px\" aria-hidden=\"true\" class=\"wp-block-spacer\"><\/div>\n\n\n\n<h3 class=\"wp-block-heading has-text-align-center has-neve-text-color-color has-text-color\">Noticias<\/h3>\n\n\n\n<p class=\"has-text-align-center\">Uy! Que hago yo ah\u00ed<\/p>\n\n\n\n<div style=\"height:20px\" aria-hidden=\"true\" class=\"wp-block-spacer\"><\/div>\n<\/div>\n\n\n\n<div class=\"wp-block-column is-layout-flow wp-block-column-is-layout-flow\" style=\"padding-right:var(--wp--preset--spacing--30);padding-left:var(--wp--preset--spacing--30)\"><div class=\"wp-block-image icon-style is-style-default wp-duotone-unset-4\">\n<figure class=\"aligncenter size-full has-custom-border\"><a href=\"https:\/\/juasant2.webs.upv.es\/index.php\/detalles-del-proyecto\"><img decoding=\"async\" src=\"https:\/\/juasant2.webs.upv.es\/wp-content\/themes\/neve\/assets\/img\/starter-content\/neve-marketing-icon-2.png\" alt=\"\" style=\"border-radius:0px\" title=\"\"\/><\/a><\/figure>\n<\/div>\n\n\n<div style=\"height:16px\" aria-hidden=\"true\" class=\"wp-block-spacer\"><\/div>\n\n\n\n<h3 class=\"wp-block-heading has-text-align-center has-neve-text-color-color has-text-color\">Proyectos<\/h3>\n\n\n\n<p class=\"has-text-align-center\">Proyectos en los que estoy involucrado<\/p>\n\n\n\n<div style=\"height:20px\" aria-hidden=\"true\" class=\"wp-block-spacer\"><\/div>\n<\/div>\n<\/div>\n\n\n\n<div class=\"wp-block-cover alignfull\" style=\"min-height:600px;aspect-ratio:unset;\"><span aria-hidden=\"true\" class=\"wp-block-cover__background has-nv-light-bg-background-color has-background-dim-80 has-background-dim\"><\/span><div class=\"wp-block-cover__inner-container is-layout-flow wp-block-cover-is-layout-flow\">\n<div class=\"wp-block-group\"><div class=\"wp-block-group__inner-container is-layout-flow wp-block-group-is-layout-flow\">\n<div style=\"height:80px\" aria-hidden=\"true\" class=\"wp-block-spacer\"><\/div>\n\n\n\n<div class=\"wp-block-columns is-layout-flex wp-container-core-columns-is-layout-9d6595d7 wp-block-columns-is-layout-flex\">\n<div class=\"wp-block-column is-layout-flow wp-block-column-is-layout-flow\" style=\"padding-right:0;padding-left:0;flex-basis:20%\">\n<div class=\"wp-block-group is-vertical is-content-justification-center is-layout-flex wp-container-core-group-is-layout-4b2eccd6 wp-block-group-is-layout-flex\"><\/div>\n<\/div>\n\n\n\n<div class=\"wp-block-column is-layout-flow wp-block-column-is-layout-flow\" style=\"flex-basis:60%\">\n<div class=\"wp-block-group is-vertical is-content-justification-center is-layout-flex wp-container-core-group-is-layout-4b2eccd6 wp-block-group-is-layout-flex\">\n<h2 class=\"wp-block-heading has-text-align-center has-neve-text-color-color has-text-color has-link-color wp-elements-e96d3dc7aedd5a33e3f71e48ce3db546\">Catedr\u00e1tico de Universidad<\/h2>\n\n\n\n<p class=\"has-text-align-center has-neve-text-color-color has-text-color has-link-color wp-elements-76871d788dff6fcef0eb10abb1ee1ae5\"><a href=\"https:\/\/www.upv.es\/\">Universitat Polit\u00e8cnica de Val\u00e8ncia<\/a><\/p>\n\n\n\n<p><a href=\"https:\/\/www.upv.es\/entidades\/etsiadi\/\">ETSI Aeroespacial y Dise\u00f1o Industrial<\/a><\/p>\n\n\n\n<div style=\"height:0px\" aria-hidden=\"true\" class=\"wp-block-spacer wp-container-content-541a6b20\"><\/div>\n<\/div>\n<\/div>\n\n\n\n<div class=\"wp-block-column is-layout-flow wp-block-column-is-layout-flow\" style=\"flex-basis:20%\">\n<div class=\"wp-block-group is-vertical is-content-justification-center is-layout-flex wp-container-core-group-is-layout-4b2eccd6 wp-block-group-is-layout-flex\"><\/div>\n<\/div>\n<\/div>\n\n\n\n<div class=\"wp-block-columns are-vertically-aligned-center is-layout-flex wp-container-core-columns-is-layout-9d6595d7 wp-block-columns-is-layout-flex\">\n<div class=\"wp-block-column is-vertically-aligned-center is-layout-flow wp-block-column-is-layout-flow\" style=\"padding-right:var(--wp--preset--spacing--30);padding-left:var(--wp--preset--spacing--30);flex-basis:50%\">\n<figure class=\"wp-block-image size-full has-custom-border\"><img decoding=\"async\" width=\"900\" height=\"900\" src=\"https:\/\/juasant2.webs.upv.es\/wp-content\/uploads\/2025\/04\/AIM.jpg\" alt=\"\" class=\"wp-image-54\" style=\"border-radius:16px\" srcset=\"https:\/\/juasant2.webs.upv.es\/wp-content\/uploads\/2025\/04\/AIM.jpg 900w, https:\/\/juasant2.webs.upv.es\/wp-content\/uploads\/2025\/04\/AIM-300x300.jpg 300w, https:\/\/juasant2.webs.upv.es\/wp-content\/uploads\/2025\/04\/AIM-150x150.jpg 150w, https:\/\/juasant2.webs.upv.es\/wp-content\/uploads\/2025\/04\/AIM-768x768.jpg 768w\" sizes=\"(max-width: 900px) 100vw, 900px\" \/><\/figure>\n\n\n\n<div style=\"height:24px\" aria-hidden=\"true\" class=\"wp-block-spacer\"><\/div>\n\n\n\n<h3 class=\"wp-block-heading has-text-align-center has-neve-text-color-color has-text-color\">Inclusi\u00f3n en la Academia de Ingenier\u00eda de M\u00e9xico<\/h3>\n\n\n\n<div style=\"height:40px\" aria-hidden=\"true\" class=\"wp-block-spacer\"><\/div>\n<\/div>\n\n\n\n<div class=\"wp-block-column is-vertically-aligned-center is-layout-flow wp-block-column-is-layout-flow\" style=\"padding-right:var(--wp--preset--spacing--30);padding-left:var(--wp--preset--spacing--30);flex-basis:50%\">\n<figure class=\"wp-block-image size-full is-resized has-custom-border\"><img loading=\"lazy\" decoding=\"async\" width=\"400\" height=\"400\" src=\"https:\/\/juasant2.webs.upv.es\/wp-content\/uploads\/2025\/04\/politec.png\" alt=\"\" class=\"wp-image-55\" style=\"border-radius:16px;width:525px;height:auto\" srcset=\"https:\/\/juasant2.webs.upv.es\/wp-content\/uploads\/2025\/04\/politec.png 400w, https:\/\/juasant2.webs.upv.es\/wp-content\/uploads\/2025\/04\/politec-300x300.png 300w, https:\/\/juasant2.webs.upv.es\/wp-content\/uploads\/2025\/04\/politec-150x150.png 150w\" sizes=\"(max-width: 400px) 100vw, 400px\" \/><\/figure>\n\n\n\n<div style=\"height:24px\" aria-hidden=\"true\" class=\"wp-block-spacer\"><\/div>\n\n\n\n<h3 class=\"wp-block-heading has-text-align-center has-neve-text-color-color has-text-color\">\u00daltimas clases<\/h3>\n\n\n\n<div style=\"height:40px\" aria-hidden=\"true\" class=\"wp-block-spacer\"><\/div>\n<\/div>\n<\/div>\n<\/div><\/div>\n<\/div><\/div>\n","protected":false},"excerpt":{"rendered":"<p>Docencia Material Docente Investigaci\u00f3n Art\u00edculos y Libros Noticias Uy! Que hago yo ah\u00ed Proyectos Proyectos en los que estoy involucrado<\/p>\n","protected":false},"author":1,"featured_media":47,"parent":0,"menu_order":0,"comment_status":"closed","ping_status":"closed","template":"","meta":{"neve_meta_sidebar":"","neve_meta_container":"","neve_meta_enable_content_width":"on","neve_meta_content_width":100,"neve_meta_title_alignment":"","neve_meta_author_avatar":"","neve_post_elements_order":"","neve_meta_disable_header":"","neve_meta_disable_footer":"","neve_meta_disable_title":"on","footnotes":""},"class_list":["post-18","page","type-page","status-publish","has-post-thumbnail","hentry"],"yoast_head":"<!-- This site is optimized with the Yoast SEO plugin v27.3 - https:\/\/yoast.com\/product\/yoast-seo-wordpress\/ -->\n<title>Inicio - Juan \u00c1ngel Sans Tresserras<\/title>\n<meta name=\"robots\" content=\"index, follow, max-snippet:-1, max-image-preview:large, max-video-preview:-1\" \/>\n<link rel=\"canonical\" href=\"https:\/\/juasant2.webs.upv.es\/\" \/>\n<meta property=\"og:locale\" content=\"es_ES\" \/>\n<meta property=\"og:type\" content=\"article\" \/>\n<meta property=\"og:title\" content=\"Inicio - Juan \u00c1ngel Sans Tresserras\" \/>\n<meta property=\"og:description\" content=\"Docencia Material Docente Investigaci\u00f3n Art\u00edculos y Libros Noticias Uy! Que hago yo ah\u00ed Proyectos Proyectos en los que estoy involucrado\" \/>\n<meta property=\"og:url\" content=\"https:\/\/juasant2.webs.upv.es\/\" \/>\n<meta property=\"og:site_name\" content=\"Juan \u00c1ngel Sans Tresserras\" \/>\n<meta property=\"article:modified_time\" content=\"2025-12-04T12:33:44+00:00\" \/>\n<meta property=\"og:image\" content=\"https:\/\/juasant2.webs.upv.es\/wp-content\/uploads\/2025\/04\/Foto-mia.png\" \/>\n\t<meta property=\"og:image:width\" content=\"1056\" \/>\n\t<meta property=\"og:image:height\" content=\"1234\" \/>\n\t<meta property=\"og:image:type\" content=\"image\/png\" \/>\n<meta name=\"twitter:card\" content=\"summary_large_image\" \/>\n<meta name=\"twitter:label1\" content=\"Tiempo de lectura\" \/>\n\t<meta name=\"twitter:data1\" content=\"3 minutos\" \/>\n<script type=\"application\/ld+json\" class=\"yoast-schema-graph\">{\"@context\":\"https:\\\/\\\/schema.org\",\"@graph\":[{\"@type\":\"WebPage\",\"@id\":\"https:\\\/\\\/juasant2.webs.upv.es\\\/\",\"url\":\"https:\\\/\\\/juasant2.webs.upv.es\\\/\",\"name\":\"Inicio - Juan \u00c1ngel Sans Tresserras\",\"isPartOf\":{\"@id\":\"https:\\\/\\\/juasant2.webs.upv.es\\\/#website\"},\"primaryImageOfPage\":{\"@id\":\"https:\\\/\\\/juasant2.webs.upv.es\\\/#primaryimage\"},\"image\":{\"@id\":\"https:\\\/\\\/juasant2.webs.upv.es\\\/#primaryimage\"},\"thumbnailUrl\":\"https:\\\/\\\/juasant2.webs.upv.es\\\/wp-content\\\/uploads\\\/2025\\\/04\\\/Foto-mia.png\",\"datePublished\":\"2025-04-17T18:25:31+00:00\",\"dateModified\":\"2025-12-04T12:33:44+00:00\",\"breadcrumb\":{\"@id\":\"https:\\\/\\\/juasant2.webs.upv.es\\\/#breadcrumb\"},\"inLanguage\":\"es\",\"potentialAction\":[{\"@type\":\"ReadAction\",\"target\":[\"https:\\\/\\\/juasant2.webs.upv.es\\\/\"]}]},{\"@type\":\"ImageObject\",\"inLanguage\":\"es\",\"@id\":\"https:\\\/\\\/juasant2.webs.upv.es\\\/#primaryimage\",\"url\":\"https:\\\/\\\/juasant2.webs.upv.es\\\/wp-content\\\/uploads\\\/2025\\\/04\\\/Foto-mia.png\",\"contentUrl\":\"https:\\\/\\\/juasant2.webs.upv.es\\\/wp-content\\\/uploads\\\/2025\\\/04\\\/Foto-mia.png\",\"width\":1056,\"height\":1234},{\"@type\":\"BreadcrumbList\",\"@id\":\"https:\\\/\\\/juasant2.webs.upv.es\\\/#breadcrumb\",\"itemListElement\":[{\"@type\":\"ListItem\",\"position\":1,\"name\":\"Portada\",\"item\":\"https:\\\/\\\/juasant2.webs.upv.es\\\/\"},{\"@type\":\"ListItem\",\"position\":2,\"name\":\"Inicio\"}]},{\"@type\":\"WebSite\",\"@id\":\"https:\\\/\\\/juasant2.webs.upv.es\\\/#website\",\"url\":\"https:\\\/\\\/juasant2.webs.upv.es\\\/\",\"name\":\"Juan \u00c1ngel Sans Tresserras\",\"description\":\"Noticias sobre mis art\u00edculos y trabajos\",\"publisher\":{\"@id\":\"https:\\\/\\\/juasant2.webs.upv.es\\\/#organization\"},\"potentialAction\":[{\"@type\":\"SearchAction\",\"target\":{\"@type\":\"EntryPoint\",\"urlTemplate\":\"https:\\\/\\\/juasant2.webs.upv.es\\\/?s={search_term_string}\"},\"query-input\":{\"@type\":\"PropertyValueSpecification\",\"valueRequired\":true,\"valueName\":\"search_term_string\"}}],\"inLanguage\":\"es\"},{\"@type\":\"Organization\",\"@id\":\"https:\\\/\\\/juasant2.webs.upv.es\\\/#organization\",\"name\":\"Juan \u00c1ngel Sans Tresserras\",\"url\":\"https:\\\/\\\/juasant2.webs.upv.es\\\/\",\"logo\":{\"@type\":\"ImageObject\",\"inLanguage\":\"es\",\"@id\":\"https:\\\/\\\/juasant2.webs.upv.es\\\/#\\\/schema\\\/logo\\\/image\\\/\",\"url\":\"https:\\\/\\\/juasant2.webs.upv.es\\\/wp-content\\\/uploads\\\/2025\\\/04\\\/logo-agency-1.png\",\"contentUrl\":\"https:\\\/\\\/juasant2.webs.upv.es\\\/wp-content\\\/uploads\\\/2025\\\/04\\\/logo-agency-1.png\",\"width\":200,\"height\":200,\"caption\":\"Juan \u00c1ngel Sans Tresserras\"},\"image\":{\"@id\":\"https:\\\/\\\/juasant2.webs.upv.es\\\/#\\\/schema\\\/logo\\\/image\\\/\"}}]}<\/script>\n<!-- \/ Yoast SEO plugin. -->","yoast_head_json":{"title":"Inicio - Juan \u00c1ngel Sans Tresserras","robots":{"index":"index","follow":"follow","max-snippet":"max-snippet:-1","max-image-preview":"max-image-preview:large","max-video-preview":"max-video-preview:-1"},"canonical":"https:\/\/juasant2.webs.upv.es\/","og_locale":"es_ES","og_type":"article","og_title":"Inicio - Juan \u00c1ngel Sans Tresserras","og_description":"Docencia Material Docente Investigaci\u00f3n Art\u00edculos y Libros Noticias Uy! Que hago yo ah\u00ed Proyectos Proyectos en los que estoy involucrado","og_url":"https:\/\/juasant2.webs.upv.es\/","og_site_name":"Juan \u00c1ngel Sans Tresserras","article_modified_time":"2025-12-04T12:33:44+00:00","og_image":[{"width":1056,"height":1234,"url":"https:\/\/juasant2.webs.upv.es\/wp-content\/uploads\/2025\/04\/Foto-mia.png","type":"image\/png"}],"twitter_card":"summary_large_image","twitter_misc":{"Tiempo de lectura":"3 minutos"},"schema":{"@context":"https:\/\/schema.org","@graph":[{"@type":"WebPage","@id":"https:\/\/juasant2.webs.upv.es\/","url":"https:\/\/juasant2.webs.upv.es\/","name":"Inicio - Juan \u00c1ngel Sans Tresserras","isPartOf":{"@id":"https:\/\/juasant2.webs.upv.es\/#website"},"primaryImageOfPage":{"@id":"https:\/\/juasant2.webs.upv.es\/#primaryimage"},"image":{"@id":"https:\/\/juasant2.webs.upv.es\/#primaryimage"},"thumbnailUrl":"https:\/\/juasant2.webs.upv.es\/wp-content\/uploads\/2025\/04\/Foto-mia.png","datePublished":"2025-04-17T18:25:31+00:00","dateModified":"2025-12-04T12:33:44+00:00","breadcrumb":{"@id":"https:\/\/juasant2.webs.upv.es\/#breadcrumb"},"inLanguage":"es","potentialAction":[{"@type":"ReadAction","target":["https:\/\/juasant2.webs.upv.es\/"]}]},{"@type":"ImageObject","inLanguage":"es","@id":"https:\/\/juasant2.webs.upv.es\/#primaryimage","url":"https:\/\/juasant2.webs.upv.es\/wp-content\/uploads\/2025\/04\/Foto-mia.png","contentUrl":"https:\/\/juasant2.webs.upv.es\/wp-content\/uploads\/2025\/04\/Foto-mia.png","width":1056,"height":1234},{"@type":"BreadcrumbList","@id":"https:\/\/juasant2.webs.upv.es\/#breadcrumb","itemListElement":[{"@type":"ListItem","position":1,"name":"Portada","item":"https:\/\/juasant2.webs.upv.es\/"},{"@type":"ListItem","position":2,"name":"Inicio"}]},{"@type":"WebSite","@id":"https:\/\/juasant2.webs.upv.es\/#website","url":"https:\/\/juasant2.webs.upv.es\/","name":"Juan \u00c1ngel Sans Tresserras","description":"Noticias sobre mis art\u00edculos y trabajos","publisher":{"@id":"https:\/\/juasant2.webs.upv.es\/#organization"},"potentialAction":[{"@type":"SearchAction","target":{"@type":"EntryPoint","urlTemplate":"https:\/\/juasant2.webs.upv.es\/?s={search_term_string}"},"query-input":{"@type":"PropertyValueSpecification","valueRequired":true,"valueName":"search_term_string"}}],"inLanguage":"es"},{"@type":"Organization","@id":"https:\/\/juasant2.webs.upv.es\/#organization","name":"Juan \u00c1ngel Sans Tresserras","url":"https:\/\/juasant2.webs.upv.es\/","logo":{"@type":"ImageObject","inLanguage":"es","@id":"https:\/\/juasant2.webs.upv.es\/#\/schema\/logo\/image\/","url":"https:\/\/juasant2.webs.upv.es\/wp-content\/uploads\/2025\/04\/logo-agency-1.png","contentUrl":"https:\/\/juasant2.webs.upv.es\/wp-content\/uploads\/2025\/04\/logo-agency-1.png","width":200,"height":200,"caption":"Juan \u00c1ngel Sans Tresserras"},"image":{"@id":"https:\/\/juasant2.webs.upv.es\/#\/schema\/logo\/image\/"}}]}},"_links":{"self":[{"href":"https:\/\/juasant2.webs.upv.es\/index.php\/wp-json\/wp\/v2\/pages\/18","targetHints":{"allow":["GET"]}}],"collection":[{"href":"https:\/\/juasant2.webs.upv.es\/index.php\/wp-json\/wp\/v2\/pages"}],"about":[{"href":"https:\/\/juasant2.webs.upv.es\/index.php\/wp-json\/wp\/v2\/types\/page"}],"author":[{"embeddable":true,"href":"https:\/\/juasant2.webs.upv.es\/index.php\/wp-json\/wp\/v2\/users\/1"}],"replies":[{"embeddable":true,"href":"https:\/\/juasant2.webs.upv.es\/index.php\/wp-json\/wp\/v2\/comments?post=18"}],"version-history":[{"count":13,"href":"https:\/\/juasant2.webs.upv.es\/index.php\/wp-json\/wp\/v2\/pages\/18\/revisions"}],"predecessor-version":[{"id":136,"href":"https:\/\/juasant2.webs.upv.es\/index.php\/wp-json\/wp\/v2\/pages\/18\/revisions\/136"}],"wp:featuredmedia":[{"embeddable":true,"href":"https:\/\/juasant2.webs.upv.es\/index.php\/wp-json\/wp\/v2\/media\/47"}],"wp:attachment":[{"href":"https:\/\/juasant2.webs.upv.es\/index.php\/wp-json\/wp\/v2\/media?parent=18"}],"curies":[{"name":"wp","href":"https:\/\/api.w.org\/{rel}","templated":true}]}}