{"id":22,"date":"2025-04-17T18:25:31","date_gmt":"2025-04-17T18:25:31","guid":{"rendered":"https:\/\/juasant2.webs.upv.es\/?page_id=22"},"modified":"2025-04-22T09:54:31","modified_gmt":"2025-04-22T09:54:31","slug":"detalles-del-proyecto","status":"publish","type":"page","link":"https:\/\/juasant2.webs.upv.es\/index.php\/detalles-del-proyecto\/","title":{"rendered":"Detalles del proyecto"},"content":{"rendered":"\n<div class=\"wp-block-cover alignfull\" style=\"min-height:320px;aspect-ratio:unset;\"><span aria-hidden=\"true\" class=\"wp-block-cover__background has-nv-site-bg-background-color has-background-dim-100 has-background-dim\"><\/span><div class=\"wp-block-cover__inner-container is-layout-flow wp-block-cover-is-layout-flow\">\n<div class=\"wp-block-group\" style=\"padding-right:var(--wp--preset--spacing--30);padding-left:var(--wp--preset--spacing--30)\"><div class=\"wp-block-group__inner-container is-layout-flow wp-block-group-is-layout-flow\">\n<div class=\"wp-block-columns are-vertically-aligned-center is-layout-flex wp-container-core-columns-is-layout-9d6595d7 wp-block-columns-is-layout-flex\">\n<div class=\"wp-block-column is-vertically-aligned-center is-layout-flow wp-block-column-is-layout-flow\" style=\"flex-basis:70%\">\n<div style=\"height:24px\" aria-hidden=\"true\" class=\"wp-block-spacer\"><\/div>\n\n\n\n<h1 class=\"wp-block-heading has-text-align-left has-neve-text-color-color has-text-color\">Proyecto Nacional Coordinado<\/h1>\n\n\n\n<p class=\"has-neve-text-color-color has-text-color\" style=\"font-size:22px\">Actualmente, tenemos vigente el proyecto DOPEX. Proyecto nacional coordinado que explora el comportamiento bajo condiciones extremas de dobles perovskitas basadas en hierro.<\/p>\n<\/div>\n\n\n\n<div class=\"wp-block-column is-vertically-aligned-center is-layout-flow wp-block-column-is-layout-flow\" style=\"flex-basis:30%\"><\/div>\n<\/div>\n<\/div><\/div>\n<\/div><\/div>\n\n\n\n<div class=\"wp-block-cover alignfull\" style=\"min-height:600px;aspect-ratio:unset;\"><span aria-hidden=\"true\" class=\"wp-block-cover__background has-nv-light-bg-background-color has-background-dim-100 has-background-dim\"><\/span><div class=\"wp-block-cover__inner-container is-layout-flow wp-block-cover-is-layout-flow\">\n<div class=\"wp-block-group\"><div class=\"wp-block-group__inner-container is-layout-flow wp-block-group-is-layout-flow\">\n<div style=\"height:80px\" aria-hidden=\"true\" class=\"wp-block-spacer\"><\/div>\n\n\n\n<div class=\"wp-block-cover alignwide has-custom-content-position is-position-bottom-left\" style=\"border-radius:32px;padding-top:var(--wp--preset--spacing--60);padding-right:var(--wp--preset--spacing--60);padding-bottom:var(--wp--preset--spacing--60);padding-left:var(--wp--preset--spacing--60);min-height:500px;aspect-ratio:unset;\"><img decoding=\"async\" class=\"wp-block-cover__image-background wp-image-746\" alt=\"\" src=\"https:\/\/juasant2.webs.upv.es\/wp-content\/themes\/neve\/assets\/img\/starter-content\/neve-marketing-agency-22.png\" style=\"object-position:50% 0%\" data-object-fit=\"cover\" data-object-position=\"50% 0%\"\/><span aria-hidden=\"true\" class=\"wp-block-cover__background has-neve-link-color-background-color has-background-dim\"><\/span><div class=\"wp-block-cover__inner-container is-layout-flow wp-block-cover-is-layout-flow\">\n<p class=\"has-text-align-center has-large-font-size\"><\/p>\n<\/div><\/div>\n\n\n\n<div style=\"height:60px\" aria-hidden=\"true\" class=\"wp-block-spacer\"><\/div>\n\n\n\n<div class=\"wp-block-columns is-layout-flex wp-container-core-columns-is-layout-9d6595d7 wp-block-columns-is-layout-flex\">\n<div class=\"wp-block-column is-layout-flow wp-block-column-is-layout-flow\" style=\"padding-right:var(--wp--preset--spacing--30);padding-left:var(--wp--preset--spacing--30);flex-basis:67%\">\n<p class=\"has-neve-text-color-color has-text-color\">Closer to the metal we\u2019ve got to manage that low hanging fruit but quantity and drive awareness to engagement post launch. Closer to the metal we\u2019ve got to manage that low hanging fruit but quantity and drive awareness to increase engagement post launch. Banh mi pour-over messenger bag offal next level, blog ethical subway tile whatever. Cupping williamsburg meh yuccie. Ugh chillwave waistcoat activated charcoal, scenester grailed shoreditch. Big mood mustache shabby chic activated charcoal helvetica su.<\/p>\n\n\n\n<div class=\"wp-block-buttons has-custom-font-size has-small-font-size is-content-justification-left is-layout-flex wp-container-core-buttons-is-layout-fdcfc74e wp-block-buttons-is-layout-flex\">\n<div class=\"wp-block-button is-style-default\"><a class=\"wp-block-button__link has-nv-text-dark-bg-color has-neve-link-color-background-color has-text-color has-background has-link-color has-custom-font-size wp-element-button\" href=\"https:\/\/juasant2.webs.upv.es\/project-details\/\" style=\"font-size:16px\">Visit Website<\/a><\/div>\n<\/div>\n\n\n\n<div style=\"height:24px\" aria-hidden=\"true\" class=\"wp-block-spacer\"><\/div>\n\n\n\n<div style=\"height:24px\" aria-hidden=\"true\" class=\"wp-block-spacer\"><\/div>\n\n\n\n<div style=\"height:24px\" aria-hidden=\"true\" class=\"wp-block-spacer\"><\/div>\n<\/div>\n<\/div>\n\n\n\n<div style=\"height:40px\" aria-hidden=\"true\" class=\"wp-block-spacer\"><\/div>\n<\/div><\/div>\n<\/div><\/div>\n\n\n\n<div class=\"wp-block-cover alignfull\" style=\"min-height:600px;aspect-ratio:unset;\"><span aria-hidden=\"true\" class=\"wp-block-cover__background has-nv-site-bg-background-color has-background-dim-100 has-background-dim\"><\/span><div class=\"wp-block-cover__inner-container is-layout-flow wp-block-cover-is-layout-flow\">\n<div class=\"wp-block-group\"><div class=\"wp-block-group__inner-container is-layout-flow wp-block-group-is-layout-flow\">\n<div style=\"height:80px\" aria-hidden=\"true\" class=\"wp-block-spacer\"><\/div>\n\n\n\n<h2 class=\"wp-block-heading has-neve-text-color-color has-text-color\">Lista de proyectos<\/h2>\n\n\n\n<div style=\"height:20px\" aria-hidden=\"true\" class=\"wp-block-spacer\"><\/div>\n\n\n\n<style>\n.projects-list {\n  list-style: none;\n  padding: 0;\n  margin: 0;\n}\n.project-card {\n  background: #ffffff;\n  border: 1px solid #dddddd;\n  border-radius: 8px;\n  margin: 12px 0;\n  padding: 16px;\n  box-shadow: 0 2px 6px rgba(0, 0, 0, 0.05);\n  transition: transform 0.2s ease, box-shadow 0.2s ease;\n}\n.project-card:hover {\n  transform: translateY(-4px);\n  box-shadow: 0 4px 12px rgba(0, 0, 0, 0.1);\n}\n.project-desc {\n  margin: 0;\n  font-size: 1rem;\n  color: #333333;\n}\nmark {\n  background: #fff176;\n  padding: 0 0.2em;\n  border-radius: 2px;\n}\n<\/style>\n\n<ul class=\"projects-list\">\n  <li class=\"project-card\">\n    <p class=\"project-desc\">Monsoriu Serra, Juan Antonio (I.P.); <mark>Sans-Tresserras, Juan \u00c1ngel<\/mark>; Ferrando, Vicente; Garmendia-Martinez, Adri\u00e1n; Seiz Ortiz, Rafael; Mu\u00f1oz-P\u00e9rez, Francisco Misael &#8230; S\u00e1nchez-Ortiga, Emilio. An\u00e1lisis curricular ense\u00f1anza f\u00ed\u00adsica experimental en las carreras de Ingenieria de la Universidad Estatal Amaz\u00f3nica de Ecuador y desarrollo de innovaciones de bajo coste basadas en los sensores de los tel\u00c3\u00a9fonos inteligentes (AD2410). (01\/01\/25 &#8211; 31\/12\/26).Investigaci\u00f3n competitiva proyectos. UNIVERSIDAD POLITECNICA DE VALENCIA.<\/p>\n  <\/li>\n  <li class=\"project-card\">\n    <p class=\"project-desc\">Manj\u00f3n, Francisco-Javier (I.P.); <mark>Sans-Tresserras, Juan \u00c1ngel<\/mark>; Gomis, O.; Cuenca-Gotor, Vanesa Paula; Garcia-S\u00e1nchez, Tania Maria; Vilaplana Cerda, Rosario Isabel. MALTA Consolider Team (RED2022-134388-T). (01\/06\/23 &#8211; 31\/05\/25).Investigaci\u00f3n competitiva proyectos. AGENCIA ESTATAL DE INVESTIGACION.<\/p>\n  <\/li>\n  <li class=\"project-card\">\n    <p class=\"project-desc\">Castro-Palacio, Juan Carlos (I.P.); <mark>Sans-Tresserras, Juan \u00c1ngel<\/mark>; Gimenez Valentin, Marcos Herminio; Salinas Marin, Isabel; Saiz Maule\u00f3n, Maria Bego\u00f1a; Cuenca-Gotor, Vanesa Paula &#8230; Guerra-Carmenate,Jos\u00e9. Fomento de la creatividad y la innovaci\u00f3n en el aula usando los sensores de los tel\u00e9fonos inteligentes: &#8230; aplicaci\u00f3n de la metodologia CDIO y el aprendizaje basado en proyectos con impacto social (AD2209). (01\/01\/23 &#8211; 31\/12\/24).Investigaci\u00f3n competitiva proyectos. UNIVERSIDAD POLITECNICA DE VALENCIA.<\/p>\n  <\/li>\n  <li class=\"project-card\">\n    <p class=\"project-desc\">Cuenca-Gotor, Vanesa Paula (I.P.); <mark>Sans-Tresserras, Juan \u00c1ngel<\/mark>; Mu\u00f1oz-P\u00e9rez, Francisco Misael; Castro-Palacio, Juan Carlos; Garmendia-Martinez, Adri\u00e1n; Mu\u00f1oz Roca, Maria Del Carmen; Monsoriu Serra, Juan Antonio. Estudio de la transici\u00f3n de espin del hierro en dobles perovskitas bajo condiciones extremas. (PAID-06-22). (01\/01\/23 &#8211; 15\/07\/25).Investigaci\u00f3n competitiva proyectos. UNIVERSIDAD POLITECNICA DE VALENCIA.<\/p>\n  <\/li>\n  <li class=\"project-card\">\n    <p class=\"project-desc\">Monsoriu Serra, Juan Antonio (I.P.); <mark>Sans-Tresserras, Juan \u00c1ngel<\/mark>; Gimenez Valentin, Marcos Herminio; Salinas Marin, Isabel; Saiz Maule\u00f3n, Maria Bego\u00f1a; Castro-Palacio, Juan Carlos &#8230; Mu\u00f1oz-P\u00e9rez, Francisco Misael. An\u00e1lisis curricular de laense\u00f1anza de la f\u00c3\u00adsica experimental en las universidades cubanas para la investigaci\u00f3n y desarrollo de innovaciones de bajo coste basadas en los sensores de los tel\u00c3\u00a9fonos inteligentes (AD2122). (01\/01\/22 &#8211; 31\/12\/23).Investigaci\u00f3n competitiva proyectos. UNIVERSIDAD POLITECNICA DE VALENCIA.<\/p>\n  <\/li>\n  <li class=\"project-card\">\n    <p class=\"project-desc\"><mark>Sans-Tresserras, Juan \u00c1ngel<\/mark> (I.P.); Martin Garcia, Jos\u00e9 Luis; Cuenca-Gotor, Vanesa Paula; Garcia-S\u00e1nchez, Tania Maria. Efecto de la Distorsi\u00f3n Estructural en Dobles Perovskitas de Hierro Bajo Condiciones Extremas (PID2021-125927NB-C21). (01\/09\/22 &#8211; 31\/08\/25).Investigaci\u00f3n competitiva proyectos. AGENCIA ESTATAL DE INVESTIGACION.<\/p>\n  <\/li>\n  <li class=\"project-card\">\n    <p class=\"project-desc\"><mark>Sans-Tresserras, Juan \u00c1ngel<\/mark> (I.P.). En Busca de la Reaccion del Helio en Condiciones Extremas (FIS2017-83295-P-AR). (01\/01\/18 &#8211; 30\/09\/21).Investigaci\u00f3n competitiva proyectos. AGENCIA ESTATAL DE INVESTIGACION.<\/p>\n  <\/li>\n  <li class=\"project-card\">\n    <p class=\"project-desc\">Manj\u00f3n, Francisco-Javier (I.P.); <mark>Sans-Tresserras, Juan \u00c1ngel<\/mark> (I.P.). Ayuda Ramon y Cajal-Sans Tresserras (RYC-2015-17482). (18\/11\/16 &#8211; 26\/10\/21).Financiaci\u00f3n RRHH. MINISTERIO DE ASUNTOS ECONOMICOS Y TRANSFORMACION DIGITAL.<\/p>\n  <\/li>\n  <li class=\"project-card\">\n    <p class=\"project-desc\"><mark>Sans-Tresserras, Juan \u00c1ngel<\/mark> (I.P.). Ayuda Adicional Ramon y Cajal (RYC-2015-17482). (01\/12\/16 &#8211; 30\/11\/21).Financiaci\u00f3n RRHH. AGENCIA ESTATAL DE INVESTIGACION.<\/p>\n  <\/li>\n  <li class=\"project-card\">\n    <p class=\"project-desc\">Vilaplana Cerda, Rosario Isabel (I.P.); <mark>Sans-Tresserras, Juan \u00c1ngel<\/mark>; Gomis, O.; Mar\u00ed, B.; Manj\u00f3n, Francisco-Javier; Monsoriu Serra, Juan Antonio. Estudio de Aislantes Topologicos a Altas Presiones (Edatap) (SP20140701). (01\/01\/15 &#8211; 31\/12\/15).Investigaci\u00f3n competitiva proyectos. UNIVERSIDAD POLITECNICA DE VALENCIA.<\/p>\n  <\/li>\n  <li class=\"project-card\">\n    <p class=\"project-desc\">F.J. Manj\u00f3n (I.P.); Juan \u00c1ngel; Vilaplana Cerda, Rosario Isabel; Martin Garcia, Jos\u00e9 Luis; Gomis, O.. Set para medidas de espectroscopia Raman a ultrabajas frecuencias (UPOV13-3E-1561). (01\/01\/15 &#8211; 31\/12\/15).Infraestructura. Ministerio de Economia y Competitividad (MINECO).<\/p>\n  <\/li>\n  <li class=\"project-card\">\n    <p class=\"project-desc\">Vilaplana Cerda, Rosario Isabel (I.P.); Juan \u00c1ngel; Gomis, O.; F.J. Manj\u00f3n; Mar\u00ed, B.; Monsoriu Serra, Juan Antonio. Celda de yunques de diamante no magn\u00c3\u00a9tica para medidas de transporte (SP20140871). (01\/01\/15 &#8211; 01\/01\/16).Infraestructura. UNIVERSIDAD POLITECNICA DE VALENCIA.<\/p>\n  <\/li>\n  <li class=\"project-card\">\n    <p class=\"project-desc\">Manj\u00f3n, Francisco-Javier (I.P.); <mark>Sans-Tresserras, Juan \u00c1ngel<\/mark>; Gomis, O.; Martin Garcia, Jos\u00e9 Luis; Vilaplana Cerda, Rosario Isabel. Crecimiento y Caracterizacion de Nanocristales de Oxidos Metalicos Bajo Altas Presiones. (ACOMP\/2013\/012). (01\/01\/13 &#8211; 30\/11\/13).Investigaci\u00f3n competitiva proyectos. GENERALITAT VALENCIANA.<\/p>\n  <\/li>\n  <li class=\"project-card\">\n    <p class=\"project-desc\">Manj\u00f3n, Francisco-Javier (I.P.); <mark>Sans-Tresserras, Juan \u00c1ngel<\/mark>. Ayuda Juan de la Cierva 2011-Sans Tresserras (JCI-2011-09781). (25\/05\/12 &#8211; 25\/05\/15).Financiaci\u00f3n RRHH. MINISTERIO DE EDUCACION.<\/p>\n  <\/li>\n  <li class=\"project-card\">\n    <p class=\"project-desc\">Manj\u00f3n, Francisco-Javier (I.P.); <mark>Sans-Tresserras, Juan \u00c1ngel<\/mark>; Gomis, O.; Martin Garcia, Jos\u00e9 Luis; Vilaplana Cerda, Rosario Isabel. Crecimiento y Caracterizacion de Nanoestructuras de Oxidos Metalicos Bajo Altas Presiones (MAT2010-21270-C04-04). (01\/07\/12 &#8211; 30\/09\/14).Investigaci\u00f3n competitiva proyectos. MINISTERIO DE ASUNTOS ECONOMICOS Y TRANSFORMACION DIGITAL.<\/p>\n  <\/li>\n<\/ul>\n\n\n\n\n<div style=\"height:40px\" aria-hidden=\"true\" class=\"wp-block-spacer\"><\/div>\n<\/div><\/div>\n<\/div><\/div>\n\n\n\n<div class=\"wp-block-cover alignfull\" style=\"min-height:300px;aspect-ratio:unset;\"><span aria-hidden=\"true\" class=\"wp-block-cover__background has-neve-link-color-background-color has-background-dim-100 has-background-dim\"><\/span><div class=\"wp-block-cover__inner-container is-layout-flow wp-block-cover-is-layout-flow\">\n<div style=\"height:140px\" aria-hidden=\"true\" class=\"wp-block-spacer\"><\/div>\n\n\n\n<div class=\"wp-block-columns is-layout-flex wp-container-core-columns-is-layout-9d6595d7 wp-block-columns-is-layout-flex\">\n<div class=\"wp-block-column is-layout-flow wp-block-column-is-layout-flow\" style=\"flex-basis:20%\"><\/div>\n\n\n\n<div class=\"wp-block-column is-layout-flow wp-block-column-is-layout-flow\" style=\"flex-basis:60%\">\n<div class=\"wp-block-group\"><div class=\"wp-block-group__inner-container is-layout-constrained wp-block-group-is-layout-constrained\">\n<h2 class=\"wp-block-heading has-text-align-center has-nv-text-dark-bg-color has-text-color\">\u00bfQuieres colaborar con nosotros?<\/h2>\n\n\n\n<p class=\"has-text-align-center has-nv-text-dark-bg-color has-text-color has-link-color wp-elements-abc0c7aa1a819d39c74630683e29c844\">Ponte en contacto<\/p>\n\n\n\n<div class=\"wp-block-buttons is-horizontal is-content-justification-center is-layout-flex wp-container-core-buttons-is-layout-499968f5 wp-block-buttons-is-layout-flex\">\n<div class=\"wp-block-button is-style-primary\"><a class=\"wp-block-button__link has-neve-link-color-color has-text-color has-background has-link-color wp-element-button\" href=\"juasant2@upv.es\" style=\"background-color:#ffffff\">E-mail<\/a><\/div>\n<\/div>\n<\/div><\/div>\n<\/div>\n\n\n\n<div class=\"wp-block-column is-layout-flow wp-block-column-is-layout-flow\" style=\"flex-basis:20%\"><\/div>\n<\/div>\n\n\n\n<div style=\"height:140px\" aria-hidden=\"true\" class=\"wp-block-spacer\"><\/div>\n<\/div><\/div>\n","protected":false},"excerpt":{"rendered":"","protected":false},"author":1,"featured_media":0,"parent":0,"menu_order":0,"comment_status":"closed","ping_status":"closed","template":"","meta":{"neve_meta_sidebar":"","neve_meta_container":"","neve_meta_enable_content_width":"on","neve_meta_content_width":100,"neve_meta_title_alignment":"","neve_meta_author_avatar":"","neve_post_elements_order":"","neve_meta_disable_header":"","neve_meta_disable_footer":"","neve_meta_disable_title":"on","footnotes":""},"class_list":["post-22","page","type-page","status-publish","hentry"],"yoast_head":"<!-- This site is optimized with the Yoast SEO plugin v27.3 - https:\/\/yoast.com\/product\/yoast-seo-wordpress\/ -->\n<title>Detalles del proyecto - Juan \u00c1ngel Sans Tresserras<\/title>\n<meta name=\"robots\" content=\"index, follow, max-snippet:-1, max-image-preview:large, max-video-preview:-1\" \/>\n<link rel=\"canonical\" href=\"https:\/\/juasant2.webs.upv.es\/index.php\/detalles-del-proyecto\/\" \/>\n<meta property=\"og:locale\" content=\"es_ES\" \/>\n<meta property=\"og:type\" content=\"article\" \/>\n<meta property=\"og:title\" content=\"Detalles del proyecto - Juan \u00c1ngel Sans Tresserras\" \/>\n<meta property=\"og:url\" content=\"https:\/\/juasant2.webs.upv.es\/index.php\/detalles-del-proyecto\/\" \/>\n<meta property=\"og:site_name\" content=\"Juan \u00c1ngel Sans Tresserras\" \/>\n<meta property=\"article:modified_time\" content=\"2025-04-22T09:54:31+00:00\" \/>\n<meta name=\"twitter:card\" content=\"summary_large_image\" \/>\n<meta name=\"twitter:label1\" content=\"Tiempo de lectura\" \/>\n\t<meta name=\"twitter:data1\" content=\"4 minutos\" \/>\n<script type=\"application\/ld+json\" class=\"yoast-schema-graph\">{\"@context\":\"https:\\\/\\\/schema.org\",\"@graph\":[{\"@type\":\"WebPage\",\"@id\":\"https:\\\/\\\/juasant2.webs.upv.es\\\/index.php\\\/detalles-del-proyecto\\\/\",\"url\":\"https:\\\/\\\/juasant2.webs.upv.es\\\/index.php\\\/detalles-del-proyecto\\\/\",\"name\":\"Detalles del proyecto - Juan \u00c1ngel Sans Tresserras\",\"isPartOf\":{\"@id\":\"https:\\\/\\\/juasant2.webs.upv.es\\\/#website\"},\"primaryImageOfPage\":{\"@id\":\"https:\\\/\\\/juasant2.webs.upv.es\\\/index.php\\\/detalles-del-proyecto\\\/#primaryimage\"},\"image\":{\"@id\":\"https:\\\/\\\/juasant2.webs.upv.es\\\/index.php\\\/detalles-del-proyecto\\\/#primaryimage\"},\"thumbnailUrl\":\"https:\\\/\\\/juasant2.webs.upv.es\\\/wp-content\\\/themes\\\/neve\\\/assets\\\/img\\\/starter-content\\\/neve-marketing-agency-22.png\",\"datePublished\":\"2025-04-17T18:25:31+00:00\",\"dateModified\":\"2025-04-22T09:54:31+00:00\",\"breadcrumb\":{\"@id\":\"https:\\\/\\\/juasant2.webs.upv.es\\\/index.php\\\/detalles-del-proyecto\\\/#breadcrumb\"},\"inLanguage\":\"es\",\"potentialAction\":[{\"@type\":\"ReadAction\",\"target\":[\"https:\\\/\\\/juasant2.webs.upv.es\\\/index.php\\\/detalles-del-proyecto\\\/\"]}]},{\"@type\":\"ImageObject\",\"inLanguage\":\"es\",\"@id\":\"https:\\\/\\\/juasant2.webs.upv.es\\\/index.php\\\/detalles-del-proyecto\\\/#primaryimage\",\"url\":\"\",\"contentUrl\":\"\"},{\"@type\":\"BreadcrumbList\",\"@id\":\"https:\\\/\\\/juasant2.webs.upv.es\\\/index.php\\\/detalles-del-proyecto\\\/#breadcrumb\",\"itemListElement\":[{\"@type\":\"ListItem\",\"position\":1,\"name\":\"Portada\",\"item\":\"https:\\\/\\\/juasant2.webs.upv.es\\\/\"},{\"@type\":\"ListItem\",\"position\":2,\"name\":\"Detalles del proyecto\"}]},{\"@type\":\"WebSite\",\"@id\":\"https:\\\/\\\/juasant2.webs.upv.es\\\/#website\",\"url\":\"https:\\\/\\\/juasant2.webs.upv.es\\\/\",\"name\":\"Juan \u00c1ngel Sans Tresserras\",\"description\":\"Noticias sobre mis art\u00edculos y trabajos\",\"publisher\":{\"@id\":\"https:\\\/\\\/juasant2.webs.upv.es\\\/#organization\"},\"potentialAction\":[{\"@type\":\"SearchAction\",\"target\":{\"@type\":\"EntryPoint\",\"urlTemplate\":\"https:\\\/\\\/juasant2.webs.upv.es\\\/?s={search_term_string}\"},\"query-input\":{\"@type\":\"PropertyValueSpecification\",\"valueRequired\":true,\"valueName\":\"search_term_string\"}}],\"inLanguage\":\"es\"},{\"@type\":\"Organization\",\"@id\":\"https:\\\/\\\/juasant2.webs.upv.es\\\/#organization\",\"name\":\"Juan \u00c1ngel Sans Tresserras\",\"url\":\"https:\\\/\\\/juasant2.webs.upv.es\\\/\",\"logo\":{\"@type\":\"ImageObject\",\"inLanguage\":\"es\",\"@id\":\"https:\\\/\\\/juasant2.webs.upv.es\\\/#\\\/schema\\\/logo\\\/image\\\/\",\"url\":\"https:\\\/\\\/juasant2.webs.upv.es\\\/wp-content\\\/uploads\\\/2025\\\/04\\\/logo-agency-1.png\",\"contentUrl\":\"https:\\\/\\\/juasant2.webs.upv.es\\\/wp-content\\\/uploads\\\/2025\\\/04\\\/logo-agency-1.png\",\"width\":200,\"height\":200,\"caption\":\"Juan \u00c1ngel Sans Tresserras\"},\"image\":{\"@id\":\"https:\\\/\\\/juasant2.webs.upv.es\\\/#\\\/schema\\\/logo\\\/image\\\/\"}}]}<\/script>\n<!-- \/ Yoast SEO plugin. -->","yoast_head_json":{"title":"Detalles del proyecto - Juan \u00c1ngel Sans Tresserras","robots":{"index":"index","follow":"follow","max-snippet":"max-snippet:-1","max-image-preview":"max-image-preview:large","max-video-preview":"max-video-preview:-1"},"canonical":"https:\/\/juasant2.webs.upv.es\/index.php\/detalles-del-proyecto\/","og_locale":"es_ES","og_type":"article","og_title":"Detalles del proyecto - Juan \u00c1ngel Sans Tresserras","og_url":"https:\/\/juasant2.webs.upv.es\/index.php\/detalles-del-proyecto\/","og_site_name":"Juan \u00c1ngel Sans Tresserras","article_modified_time":"2025-04-22T09:54:31+00:00","twitter_card":"summary_large_image","twitter_misc":{"Tiempo de lectura":"4 minutos"},"schema":{"@context":"https:\/\/schema.org","@graph":[{"@type":"WebPage","@id":"https:\/\/juasant2.webs.upv.es\/index.php\/detalles-del-proyecto\/","url":"https:\/\/juasant2.webs.upv.es\/index.php\/detalles-del-proyecto\/","name":"Detalles del proyecto - Juan \u00c1ngel Sans Tresserras","isPartOf":{"@id":"https:\/\/juasant2.webs.upv.es\/#website"},"primaryImageOfPage":{"@id":"https:\/\/juasant2.webs.upv.es\/index.php\/detalles-del-proyecto\/#primaryimage"},"image":{"@id":"https:\/\/juasant2.webs.upv.es\/index.php\/detalles-del-proyecto\/#primaryimage"},"thumbnailUrl":"https:\/\/juasant2.webs.upv.es\/wp-content\/themes\/neve\/assets\/img\/starter-content\/neve-marketing-agency-22.png","datePublished":"2025-04-17T18:25:31+00:00","dateModified":"2025-04-22T09:54:31+00:00","breadcrumb":{"@id":"https:\/\/juasant2.webs.upv.es\/index.php\/detalles-del-proyecto\/#breadcrumb"},"inLanguage":"es","potentialAction":[{"@type":"ReadAction","target":["https:\/\/juasant2.webs.upv.es\/index.php\/detalles-del-proyecto\/"]}]},{"@type":"ImageObject","inLanguage":"es","@id":"https:\/\/juasant2.webs.upv.es\/index.php\/detalles-del-proyecto\/#primaryimage","url":"","contentUrl":""},{"@type":"BreadcrumbList","@id":"https:\/\/juasant2.webs.upv.es\/index.php\/detalles-del-proyecto\/#breadcrumb","itemListElement":[{"@type":"ListItem","position":1,"name":"Portada","item":"https:\/\/juasant2.webs.upv.es\/"},{"@type":"ListItem","position":2,"name":"Detalles del proyecto"}]},{"@type":"WebSite","@id":"https:\/\/juasant2.webs.upv.es\/#website","url":"https:\/\/juasant2.webs.upv.es\/","name":"Juan \u00c1ngel Sans Tresserras","description":"Noticias sobre mis art\u00edculos y trabajos","publisher":{"@id":"https:\/\/juasant2.webs.upv.es\/#organization"},"potentialAction":[{"@type":"SearchAction","target":{"@type":"EntryPoint","urlTemplate":"https:\/\/juasant2.webs.upv.es\/?s={search_term_string}"},"query-input":{"@type":"PropertyValueSpecification","valueRequired":true,"valueName":"search_term_string"}}],"inLanguage":"es"},{"@type":"Organization","@id":"https:\/\/juasant2.webs.upv.es\/#organization","name":"Juan \u00c1ngel Sans Tresserras","url":"https:\/\/juasant2.webs.upv.es\/","logo":{"@type":"ImageObject","inLanguage":"es","@id":"https:\/\/juasant2.webs.upv.es\/#\/schema\/logo\/image\/","url":"https:\/\/juasant2.webs.upv.es\/wp-content\/uploads\/2025\/04\/logo-agency-1.png","contentUrl":"https:\/\/juasant2.webs.upv.es\/wp-content\/uploads\/2025\/04\/logo-agency-1.png","width":200,"height":200,"caption":"Juan \u00c1ngel Sans Tresserras"},"image":{"@id":"https:\/\/juasant2.webs.upv.es\/#\/schema\/logo\/image\/"}}]}},"_links":{"self":[{"href":"https:\/\/juasant2.webs.upv.es\/index.php\/wp-json\/wp\/v2\/pages\/22","targetHints":{"allow":["GET"]}}],"collection":[{"href":"https:\/\/juasant2.webs.upv.es\/index.php\/wp-json\/wp\/v2\/pages"}],"about":[{"href":"https:\/\/juasant2.webs.upv.es\/index.php\/wp-json\/wp\/v2\/types\/page"}],"author":[{"embeddable":true,"href":"https:\/\/juasant2.webs.upv.es\/index.php\/wp-json\/wp\/v2\/users\/1"}],"replies":[{"embeddable":true,"href":"https:\/\/juasant2.webs.upv.es\/index.php\/wp-json\/wp\/v2\/comments?post=22"}],"version-history":[{"count":7,"href":"https:\/\/juasant2.webs.upv.es\/index.php\/wp-json\/wp\/v2\/pages\/22\/revisions"}],"predecessor-version":[{"id":123,"href":"https:\/\/juasant2.webs.upv.es\/index.php\/wp-json\/wp\/v2\/pages\/22\/revisions\/123"}],"wp:attachment":[{"href":"https:\/\/juasant2.webs.upv.es\/index.php\/wp-json\/wp\/v2\/media?parent=22"}],"curies":[{"name":"wp","href":"https:\/\/api.w.org\/{rel}","templated":true}]}}