{"id":96,"date":"2025-04-19T18:44:49","date_gmt":"2025-04-19T18:44:49","guid":{"rendered":"https:\/\/juasant2.webs.upv.es\/?page_id=96"},"modified":"2025-04-19T19:00:30","modified_gmt":"2025-04-19T19:00:30","slug":"noticias","status":"publish","type":"page","link":"https:\/\/juasant2.webs.upv.es\/index.php\/noticias\/","title":{"rendered":"Noticias"},"content":{"rendered":"<p class=\"wp-block-site-tagline\">Noticias sobre mis art\u00edculos y trabajos<\/p>\n\n\n<div class=\"wp-block-cover\" id=\"https:\/\/www.upv.es\/noticias-upv\/noticia-14526-proyecto-lamis-es.html\"><img fetchpriority=\"high\" decoding=\"async\" width=\"1024\" height=\"598\" class=\"wp-block-cover__image-background wp-image-86\" alt=\"Publicaci\u00f3n art\u00edculo Nature\" src=\"https:\/\/juasant2.webs.upv.es\/wp-content\/uploads\/2025\/04\/Fotos-dos-1024x598.png\" data-object-fit=\"cover\" srcset=\"https:\/\/juasant2.webs.upv.es\/wp-content\/uploads\/2025\/04\/Fotos-dos-1024x598.png 1024w, https:\/\/juasant2.webs.upv.es\/wp-content\/uploads\/2025\/04\/Fotos-dos-300x175.png 300w, https:\/\/juasant2.webs.upv.es\/wp-content\/uploads\/2025\/04\/Fotos-dos-768x448.png 768w, https:\/\/juasant2.webs.upv.es\/wp-content\/uploads\/2025\/04\/Fotos-dos-1536x897.png 1536w, https:\/\/juasant2.webs.upv.es\/wp-content\/uploads\/2025\/04\/Fotos-dos-2048x1196.png 2048w\" sizes=\"(max-width: 1024px) 100vw, 1024px\" \/><span aria-hidden=\"true\" class=\"wp-block-cover__background has-background-dim\"><\/span><div class=\"wp-block-cover__inner-container is-layout-flow wp-block-cover-is-layout-flow\">\n<p class=\"has-text-align-center has-large-font-size\"><a href=\"https:\/\/www.upv.es\/noticias-upv\/noticia-14526-proyecto-lamis-es.html\">Publicaci\u00f3n art\u00edculo en Nature<\/a><\/p>\n<\/div><\/div>\n\n\n\n<div class=\"wp-block-group\"><div class=\"wp-block-group__inner-container is-layout-constrained wp-block-group-is-layout-constrained\">\n<hr class=\"wp-block-separator has-alpha-channel-opacity\"\/>\n<\/div><\/div>\n\n\n\n<div class=\"wp-block-cover\" style=\"min-height:100vh;aspect-ratio:unset;\"><img decoding=\"async\" width=\"886\" height=\"611\" class=\"wp-block-cover__image-background wp-image-89\" alt=\"\" src=\"https:\/\/juasant2.webs.upv.es\/wp-content\/uploads\/2025\/04\/NatCom.png\" data-object-fit=\"cover\" srcset=\"https:\/\/juasant2.webs.upv.es\/wp-content\/uploads\/2025\/04\/NatCom.png 886w, https:\/\/juasant2.webs.upv.es\/wp-content\/uploads\/2025\/04\/NatCom-300x207.png 300w, https:\/\/juasant2.webs.upv.es\/wp-content\/uploads\/2025\/04\/NatCom-768x530.png 768w\" sizes=\"(max-width: 886px) 100vw, 886px\" \/><span aria-hidden=\"true\" class=\"wp-block-cover__background has-background-dim\"><\/span><div class=\"wp-block-cover__inner-container is-layout-flow wp-block-cover-is-layout-flow\">\n<p class=\"has-text-align-center has-large-font-size\"><a href=\"https:\/\/www.upv.es\/noticias-upv\/noticia-10646-nueva-fase-eps-es.html?fbclid=IwAR2UyQYoUDwAtzKokADYumIjT3p7K8XrRKwwNyWxJZ2D3xTVWjH3XGVyThw\">Publicaci\u00f3n en Nature Communications<\/a><\/p>\n<\/div><\/div>\n\n\n\n<hr class=\"wp-block-separator has-alpha-channel-opacity\"\/>\n\n\n\n<p>Noticias Generales<\/p>\n\n\n<ul class=\"is-grid columns-2 wp-block-rss\"><li class='wp-block-rss__item'><div class='wp-block-rss__item-title'><a href='https:\/\/es.wired.com\/articulos\/que-es-la-sabiduria-se-puede-ensenar-a-ser-sabio-un-grupo-de-investigadores-lo-esta-intentando'>\u00bfQu\u00e9 es la sabidur\u00eda? Y, \u00bfse puede ense\u00f1ar a ser sabio? Un grupo de investigadores lo est\u00e1 intentando<\/a><\/div><\/li><li class='wp-block-rss__item'><div class='wp-block-rss__item-title'><a href='https:\/\/es.wired.com\/articulos\/regreso-a-la-luna-resolvera-por-fin-cinco-misterios'>El regreso a la Luna resolver\u00e1 por fin cinco misterios abiertos durante d\u00e9cadas<\/a><\/div><\/li><li class='wp-block-rss__item'><div class='wp-block-rss__item-title'><a href='https:\/\/es.wired.com\/articulos\/cual-es-el-momento-ideal-del-dia-para-tomar-cafe-y-cuando-parar'>Cu\u00e1l es el momento ideal del d\u00eda para tomar caf\u00e9 (y cu\u00e1ndo parar)<\/a><\/div><\/li><li class='wp-block-rss__item'><div class='wp-block-rss__item-title'><a href='https:\/\/es.wired.com\/articulos\/el-gobierno-no-ha-estado-a-la-altura-del-desastre-en-el-golfo-de-mexico-senalan-activistas-ambientales'>El gobierno no ha estado a la altura del desastre en el Golfo de M\u00e9xico, se\u00f1alan activistas ambientales<\/a><\/div><\/li><li class='wp-block-rss__item'><div class='wp-block-rss__item-title'><a href='https:\/\/es.wired.com\/articulos\/una-extrana-senal-podria-la-primera-prueba-concreta-de-un-agujero-negro-primordial'>Una extra\u00f1a se\u00f1al podr\u00eda la primera prueba concreta de un agujero negro primordial<\/a><\/div><\/li><\/ul>","protected":false},"excerpt":{"rendered":"<p>Noticias Generales<\/p>\n","protected":false},"author":1,"featured_media":0,"parent":0,"menu_order":0,"comment_status":"closed","ping_status":"closed","template":"","meta":{"neve_meta_sidebar":"","neve_meta_container":"","neve_meta_enable_content_width":"","neve_meta_content_width":0,"neve_meta_title_alignment":"","neve_meta_author_avatar":"","neve_post_elements_order":"","neve_meta_disable_header":"","neve_meta_disable_footer":"","neve_meta_disable_title":"","footnotes":""},"class_list":["post-96","page","type-page","status-publish","hentry"],"yoast_head":"<!-- This site is optimized with the Yoast SEO plugin v27.3 - https:\/\/yoast.com\/product\/yoast-seo-wordpress\/ -->\n<title>Noticias - Juan \u00c1ngel Sans Tresserras<\/title>\n<meta name=\"robots\" content=\"index, follow, max-snippet:-1, max-image-preview:large, max-video-preview:-1\" \/>\n<link rel=\"canonical\" href=\"https:\/\/juasant2.webs.upv.es\/index.php\/noticias\/\" \/>\n<meta property=\"og:locale\" content=\"es_ES\" \/>\n<meta property=\"og:type\" content=\"article\" \/>\n<meta property=\"og:title\" content=\"Noticias - Juan \u00c1ngel Sans Tresserras\" \/>\n<meta property=\"og:description\" content=\"Noticias Generales\" \/>\n<meta property=\"og:url\" content=\"https:\/\/juasant2.webs.upv.es\/index.php\/noticias\/\" \/>\n<meta property=\"og:site_name\" content=\"Juan \u00c1ngel Sans Tresserras\" \/>\n<meta property=\"article:modified_time\" content=\"2025-04-19T19:00:30+00:00\" \/>\n<meta property=\"og:image\" content=\"https:\/\/juasant2.webs.upv.es\/wp-content\/uploads\/2025\/04\/Fotos-dos-1024x598.png\" \/>\n\t<meta property=\"og:image:width\" content=\"1024\" \/>\n\t<meta property=\"og:image:height\" content=\"598\" \/>\n\t<meta property=\"og:image:type\" content=\"image\/png\" \/>\n<meta name=\"twitter:card\" content=\"summary_large_image\" \/>\n<meta name=\"twitter:label1\" content=\"Tiempo de lectura\" \/>\n\t<meta name=\"twitter:data1\" content=\"1 minuto\" \/>\n<script type=\"application\/ld+json\" class=\"yoast-schema-graph\">{\"@context\":\"https:\\\/\\\/schema.org\",\"@graph\":[{\"@type\":\"WebPage\",\"@id\":\"https:\\\/\\\/juasant2.webs.upv.es\\\/index.php\\\/noticias\\\/\",\"url\":\"https:\\\/\\\/juasant2.webs.upv.es\\\/index.php\\\/noticias\\\/\",\"name\":\"Noticias - Juan \u00c1ngel Sans Tresserras\",\"isPartOf\":{\"@id\":\"https:\\\/\\\/juasant2.webs.upv.es\\\/#website\"},\"primaryImageOfPage\":{\"@id\":\"https:\\\/\\\/juasant2.webs.upv.es\\\/index.php\\\/noticias\\\/#primaryimage\"},\"image\":{\"@id\":\"https:\\\/\\\/juasant2.webs.upv.es\\\/index.php\\\/noticias\\\/#primaryimage\"},\"thumbnailUrl\":\"https:\\\/\\\/juasant2.webs.upv.es\\\/wp-content\\\/uploads\\\/2025\\\/04\\\/Fotos-dos-1024x598.png\",\"datePublished\":\"2025-04-19T18:44:49+00:00\",\"dateModified\":\"2025-04-19T19:00:30+00:00\",\"breadcrumb\":{\"@id\":\"https:\\\/\\\/juasant2.webs.upv.es\\\/index.php\\\/noticias\\\/#breadcrumb\"},\"inLanguage\":\"es\",\"potentialAction\":[{\"@type\":\"ReadAction\",\"target\":[\"https:\\\/\\\/juasant2.webs.upv.es\\\/index.php\\\/noticias\\\/\"]}]},{\"@type\":\"ImageObject\",\"inLanguage\":\"es\",\"@id\":\"https:\\\/\\\/juasant2.webs.upv.es\\\/index.php\\\/noticias\\\/#primaryimage\",\"url\":\"https:\\\/\\\/juasant2.webs.upv.es\\\/wp-content\\\/uploads\\\/2025\\\/04\\\/Fotos-dos.png\",\"contentUrl\":\"https:\\\/\\\/juasant2.webs.upv.es\\\/wp-content\\\/uploads\\\/2025\\\/04\\\/Fotos-dos.png\",\"width\":2276,\"height\":1329,\"caption\":\"Publicaci\u00f3n art\u00edculo Nature\"},{\"@type\":\"BreadcrumbList\",\"@id\":\"https:\\\/\\\/juasant2.webs.upv.es\\\/index.php\\\/noticias\\\/#breadcrumb\",\"itemListElement\":[{\"@type\":\"ListItem\",\"position\":1,\"name\":\"Portada\",\"item\":\"https:\\\/\\\/juasant2.webs.upv.es\\\/\"},{\"@type\":\"ListItem\",\"position\":2,\"name\":\"Noticias\"}]},{\"@type\":\"WebSite\",\"@id\":\"https:\\\/\\\/juasant2.webs.upv.es\\\/#website\",\"url\":\"https:\\\/\\\/juasant2.webs.upv.es\\\/\",\"name\":\"Juan \u00c1ngel Sans Tresserras\",\"description\":\"Noticias sobre mis art\u00edculos y trabajos\",\"publisher\":{\"@id\":\"https:\\\/\\\/juasant2.webs.upv.es\\\/#organization\"},\"potentialAction\":[{\"@type\":\"SearchAction\",\"target\":{\"@type\":\"EntryPoint\",\"urlTemplate\":\"https:\\\/\\\/juasant2.webs.upv.es\\\/?s={search_term_string}\"},\"query-input\":{\"@type\":\"PropertyValueSpecification\",\"valueRequired\":true,\"valueName\":\"search_term_string\"}}],\"inLanguage\":\"es\"},{\"@type\":\"Organization\",\"@id\":\"https:\\\/\\\/juasant2.webs.upv.es\\\/#organization\",\"name\":\"Juan \u00c1ngel Sans Tresserras\",\"url\":\"https:\\\/\\\/juasant2.webs.upv.es\\\/\",\"logo\":{\"@type\":\"ImageObject\",\"inLanguage\":\"es\",\"@id\":\"https:\\\/\\\/juasant2.webs.upv.es\\\/#\\\/schema\\\/logo\\\/image\\\/\",\"url\":\"https:\\\/\\\/juasant2.webs.upv.es\\\/wp-content\\\/uploads\\\/2025\\\/04\\\/logo-agency-1.png\",\"contentUrl\":\"https:\\\/\\\/juasant2.webs.upv.es\\\/wp-content\\\/uploads\\\/2025\\\/04\\\/logo-agency-1.png\",\"width\":200,\"height\":200,\"caption\":\"Juan \u00c1ngel Sans Tresserras\"},\"image\":{\"@id\":\"https:\\\/\\\/juasant2.webs.upv.es\\\/#\\\/schema\\\/logo\\\/image\\\/\"}}]}<\/script>\n<!-- \/ Yoast SEO plugin. -->","yoast_head_json":{"title":"Noticias - Juan \u00c1ngel Sans Tresserras","robots":{"index":"index","follow":"follow","max-snippet":"max-snippet:-1","max-image-preview":"max-image-preview:large","max-video-preview":"max-video-preview:-1"},"canonical":"https:\/\/juasant2.webs.upv.es\/index.php\/noticias\/","og_locale":"es_ES","og_type":"article","og_title":"Noticias - Juan \u00c1ngel Sans Tresserras","og_description":"Noticias Generales","og_url":"https:\/\/juasant2.webs.upv.es\/index.php\/noticias\/","og_site_name":"Juan \u00c1ngel Sans Tresserras","article_modified_time":"2025-04-19T19:00:30+00:00","og_image":[{"width":1024,"height":598,"url":"https:\/\/juasant2.webs.upv.es\/wp-content\/uploads\/2025\/04\/Fotos-dos-1024x598.png","type":"image\/png"}],"twitter_card":"summary_large_image","twitter_misc":{"Tiempo de lectura":"1 minuto"},"schema":{"@context":"https:\/\/schema.org","@graph":[{"@type":"WebPage","@id":"https:\/\/juasant2.webs.upv.es\/index.php\/noticias\/","url":"https:\/\/juasant2.webs.upv.es\/index.php\/noticias\/","name":"Noticias - Juan \u00c1ngel Sans Tresserras","isPartOf":{"@id":"https:\/\/juasant2.webs.upv.es\/#website"},"primaryImageOfPage":{"@id":"https:\/\/juasant2.webs.upv.es\/index.php\/noticias\/#primaryimage"},"image":{"@id":"https:\/\/juasant2.webs.upv.es\/index.php\/noticias\/#primaryimage"},"thumbnailUrl":"https:\/\/juasant2.webs.upv.es\/wp-content\/uploads\/2025\/04\/Fotos-dos-1024x598.png","datePublished":"2025-04-19T18:44:49+00:00","dateModified":"2025-04-19T19:00:30+00:00","breadcrumb":{"@id":"https:\/\/juasant2.webs.upv.es\/index.php\/noticias\/#breadcrumb"},"inLanguage":"es","potentialAction":[{"@type":"ReadAction","target":["https:\/\/juasant2.webs.upv.es\/index.php\/noticias\/"]}]},{"@type":"ImageObject","inLanguage":"es","@id":"https:\/\/juasant2.webs.upv.es\/index.php\/noticias\/#primaryimage","url":"https:\/\/juasant2.webs.upv.es\/wp-content\/uploads\/2025\/04\/Fotos-dos.png","contentUrl":"https:\/\/juasant2.webs.upv.es\/wp-content\/uploads\/2025\/04\/Fotos-dos.png","width":2276,"height":1329,"caption":"Publicaci\u00f3n art\u00edculo Nature"},{"@type":"BreadcrumbList","@id":"https:\/\/juasant2.webs.upv.es\/index.php\/noticias\/#breadcrumb","itemListElement":[{"@type":"ListItem","position":1,"name":"Portada","item":"https:\/\/juasant2.webs.upv.es\/"},{"@type":"ListItem","position":2,"name":"Noticias"}]},{"@type":"WebSite","@id":"https:\/\/juasant2.webs.upv.es\/#website","url":"https:\/\/juasant2.webs.upv.es\/","name":"Juan \u00c1ngel Sans Tresserras","description":"Noticias sobre mis art\u00edculos y trabajos","publisher":{"@id":"https:\/\/juasant2.webs.upv.es\/#organization"},"potentialAction":[{"@type":"SearchAction","target":{"@type":"EntryPoint","urlTemplate":"https:\/\/juasant2.webs.upv.es\/?s={search_term_string}"},"query-input":{"@type":"PropertyValueSpecification","valueRequired":true,"valueName":"search_term_string"}}],"inLanguage":"es"},{"@type":"Organization","@id":"https:\/\/juasant2.webs.upv.es\/#organization","name":"Juan \u00c1ngel Sans Tresserras","url":"https:\/\/juasant2.webs.upv.es\/","logo":{"@type":"ImageObject","inLanguage":"es","@id":"https:\/\/juasant2.webs.upv.es\/#\/schema\/logo\/image\/","url":"https:\/\/juasant2.webs.upv.es\/wp-content\/uploads\/2025\/04\/logo-agency-1.png","contentUrl":"https:\/\/juasant2.webs.upv.es\/wp-content\/uploads\/2025\/04\/logo-agency-1.png","width":200,"height":200,"caption":"Juan \u00c1ngel Sans Tresserras"},"image":{"@id":"https:\/\/juasant2.webs.upv.es\/#\/schema\/logo\/image\/"}}]}},"_links":{"self":[{"href":"https:\/\/juasant2.webs.upv.es\/index.php\/wp-json\/wp\/v2\/pages\/96","targetHints":{"allow":["GET"]}}],"collection":[{"href":"https:\/\/juasant2.webs.upv.es\/index.php\/wp-json\/wp\/v2\/pages"}],"about":[{"href":"https:\/\/juasant2.webs.upv.es\/index.php\/wp-json\/wp\/v2\/types\/page"}],"author":[{"embeddable":true,"href":"https:\/\/juasant2.webs.upv.es\/index.php\/wp-json\/wp\/v2\/users\/1"}],"replies":[{"embeddable":true,"href":"https:\/\/juasant2.webs.upv.es\/index.php\/wp-json\/wp\/v2\/comments?post=96"}],"version-history":[{"count":9,"href":"https:\/\/juasant2.webs.upv.es\/index.php\/wp-json\/wp\/v2\/pages\/96\/revisions"}],"predecessor-version":[{"id":112,"href":"https:\/\/juasant2.webs.upv.es\/index.php\/wp-json\/wp\/v2\/pages\/96\/revisions\/112"}],"wp:attachment":[{"href":"https:\/\/juasant2.webs.upv.es\/index.php\/wp-json\/wp\/v2\/media?parent=96"}],"curies":[{"name":"wp","href":"https:\/\/api.w.org\/{rel}","templated":true}]}}